{"id":283,"date":"2019-03-07T11:56:34","date_gmt":"2019-03-07T11:56:34","guid":{"rendered":"http:\/\/qlinariaweb.grupoagentis.com\/bisturi\/"},"modified":"2019-03-12T13:26:00","modified_gmt":"2019-03-12T13:26:00","slug":"bisturi","status":"publish","type":"page","link":"https:\/\/qlinaria.com\/en\/bisturi\/","title":{"rendered":"Bistur\u00ed"},"content":{"rendered":"<p>[et_pb_section fb_built=&#8221;1&#8243; _builder_version=&#8221;3.19.16&#8243; use_background_color_gradient=&#8221;on&#8221; background_color_gradient_start=&#8221;#ffffff&#8221; background_color_gradient_end=&#8221;rgba(0,0,0,0.62)&#8221; background_color_gradient_start_position=&#8221;40%&#8221; background_image=&#8221;http:\/\/qlinaria.com\/wp-content\/uploads\/2019\/03\/qlinaria-bisturi.jpg&#8221; background_blend=&#8221;multiply&#8221; custom_padding=&#8221;140px|0px|29px|0px|false|false&#8221;][et_pb_row custom_padding=&#8221;180px|0px|25.5938px|0px|false|false&#8221; _builder_version=&#8221;3.19.16&#8243;][et_pb_column type=&#8221;4_4&#8243; _builder_version=&#8221;3.19.16&#8243;][et_pb_text _builder_version=&#8221;3.19.16&#8243; text_font=&#8221;||||||||&#8221; header_font=&#8221;||||||||&#8221; header_font_size=&#8221;40px&#8221; text_orientation=&#8221;center&#8221; background_layout=&#8221;dark&#8221;]<\/p>\n<h1>el bistur\u00ed<\/h1>\n<p>[\/et_pb_text][\/et_pb_column][\/et_pb_row][\/et_pb_section][et_pb_section fb_built=&#8221;1&#8243; specialty=&#8221;on&#8221; _builder_version=&#8221;3.19.16&#8243; border_width_bottom=&#8221;5px&#8221; border_color_bottom=&#8221;#9d2c20&#8243; custom_padding=&#8221;80px|0px|69px|0px|false|false&#8221;][et_pb_column type=&#8221;1_4&#8243; _builder_version=&#8221;3.0.47&#8243;][et_pb_image src=&#8221;http:\/\/qlinaria.com\/wp-content\/uploads\/2019\/03\/bisturi-logo.png&#8221; _builder_version=&#8221;3.19.16&#8243;][\/et_pb_image][\/et_pb_column][et_pb_column type=&#8221;3_4&#8243; specialty_columns=&#8221;3&#8243; _builder_version=&#8221;3.0.47&#8243;][et_pb_row_inner custom_padding=&#8221;22px|0px|28.1562px|0px|false|false&#8221; _builder_version=&#8221;3.19.16&#8243;][et_pb_column_inner type=&#8221;4_4&#8243; saved_specialty_column_type=&#8221;3_4&#8243; _builder_version=&#8221;3.0.47&#8243;][et_pb_text _builder_version=&#8221;3.19.16&#8243; text_font=&#8221;||||||||&#8221; max_width_tablet=&#8221;99%&#8221; max_width_last_edited=&#8221;on|desktop&#8221; module_alignment=&#8221;left&#8221;]<\/p>\n<p>In the Medical Association of Alicante. A perfect place for celebrations and company events. Outdoor terrace. Halls with chill out. Different spaces. We have one reserved for 16 pax for private events. Succulent and healthy menu. The best service. Free parking Wifi.<\/p>\n<p>[\/et_pb_text][\/et_pb_column_inner][\/et_pb_row_inner][et_pb_row_inner custom_padding=&#8221;0|0px|28.1562px|0px|false|false&#8221; use_custom_gutter=&#8221;on&#8221; gutter_width=&#8221;2&#8243; _builder_version=&#8221;3.19.16&#8243;][et_pb_column_inner type=&#8221;1_3&#8243; saved_specialty_column_type=&#8221;3_4&#8243; _builder_version=&#8221;3.0.47&#8243;][et_pb_button button_url=&#8221;tel:610255415&#8243; button_text=&#8221;emilio &#8211; 610 255 415&#8243; _builder_version=&#8221;3.20.2&#8243; custom_button=&#8221;on&#8221; button_font=&#8221;||||||||&#8221; button_icon=&#8221;%%264%%&#8221; button_icon_placement=&#8221;left&#8221; button_on_hover=&#8221;off&#8221; custom_css_main_element=&#8221;width:100%;||text-align:center;&#8221;][\/et_pb_button][\/et_pb_column_inner][et_pb_column_inner type=&#8221;1_3&#8243; saved_specialty_column_type=&#8221;3_4&#8243; _builder_version=&#8221;3.0.47&#8243;][et_pb_button button_url=&#8221;mailto:emilio@qlinaria.com&#8221; button_text=&#8221;e-mail&#8221; _builder_version=&#8221;3.20.2&#8243; custom_button=&#8221;on&#8221; button_font=&#8221;||||||||&#8221; button_icon=&#8221;%%109%%&#8221; button_icon_placement=&#8221;left&#8221; button_on_hover=&#8221;off&#8221; custom_css_main_element=&#8221;width:100%;||text-align:center;&#8221;][\/et_pb_button][\/et_pb_column_inner][et_pb_column_inner type=&#8221;1_3&#8243; saved_specialty_column_type=&#8221;3_4&#8243; _builder_version=&#8221;3.0.47&#8243;][\/et_pb_column_inner][\/et_pb_row_inner][\/et_pb_column][\/et_pb_section][et_pb_section fb_built=&#8221;1&#8243; _builder_version=&#8221;3.19.16&#8243; custom_padding=&#8221;0|0px|0|0px|true|false&#8221;][et_pb_row make_fullwidth=&#8221;on&#8221; use_custom_gutter=&#8221;on&#8221; gutter_width=&#8221;1&#8243; custom_padding=&#8221;0|0px|0|0px|true|false&#8221; make_equal=&#8221;on&#8221; _builder_version=&#8221;3.19.16&#8243; background_color=&#8221;#111111&#8243;][et_pb_column type=&#8221;4_4&#8243; _builder_version=&#8221;3.19.16&#8243;][et_pb_gallery gallery_ids=&#8221;231,232,233,234&#8243; show_title_and_caption=&#8221;off&#8221; _builder_version=&#8221;3.19.16&#8243; pagination_font=&#8221;||||||||&#8221; pagination_text_align=&#8221;center&#8221; background_color=&#8221;111&#8243; custom_margin=&#8221;0px||0px||true&#8221; custom_padding=&#8221;0px||0px||true&#8221;][\/et_pb_gallery][\/et_pb_column][\/et_pb_row][\/et_pb_section][et_pb_section fb_built=&#8221;1&#8243; fullwidth=&#8221;on&#8221; _builder_version=&#8221;3.19.16&#8243;][et_pb_fullwidth_map address=&#8221;Calle Dr. S\u00e1nchez San Juli\u00e1n, 1, 03013 Alicante, Espa\u00f1a&#8221; zoom_level=&#8221;16&#8243; address_lat=&#8221;38.3572997&#8243; address_lng=&#8221;-0.47218329999998&#8243; mouse_wheel=&#8221;off&#8221; _builder_version=&#8221;3.19.16&#8243; child_filter_saturate=&#8221;27%&#8221;][et_pb_map_pin title=&#8221;Bisturi&#8221; pin_address=&#8221;Calle Dr. S\u00e1nchez San Juli\u00e1n, 1, 03013 Alicante, Espa\u00f1a&#8221; pin_address_lat=&#8221;38.3572997&#8243; pin_address_lng=&#8221;-0.47218329999998&#8243; _builder_version=&#8221;3.19.16&#8243;]<\/p>\n<p>Calle Dr. S\u00e1nchez San Juli\u00e1n, 1 03013 Alicante<\/p>\n<p>[\/et_pb_map_pin][\/et_pb_fullwidth_map][\/et_pb_section][et_pb_section fb_built=&#8221;1&#8243; _builder_version=&#8221;3.19.16&#8243; background_color=&#8221;#9d2c20&#8243; background_image=&#8221;http:\/\/qlinaria.com\/wp-content\/uploads\/2019\/03\/qlinaria-eventos-3.jpg&#8221; parallax=&#8221;on&#8221; custom_padding=&#8221;175px|0px|175px|0px|true|false&#8221; global_module=&#8221;280&#8243; saved_tabs=&#8221;all&#8221;][et_pb_row custom_padding=&#8221;30px|0px|30px|0px|true|false&#8221; _builder_version=&#8221;3.19.16&#8243;][et_pb_column type=&#8221;4_4&#8243; _builder_version=&#8221;3.19.16&#8243;][et_pb_text _builder_version=&#8221;3.19.16&#8243; text_font=&#8221;||||||||&#8221; text_orientation=&#8221;center&#8221; background_layout=&#8221;dark&#8221; max_width=&#8221;80%&#8221; max_width_tablet=&#8221;99%&#8221; max_width_last_edited=&#8221;on|phone&#8221; module_alignment=&#8221;center&#8221;]<\/p>\n<h2>WE ORGANIZE YOUR EVENT<\/h2>\n<p>Lorem ipsum dolor sit amet, consectetur adipiscing elit, sed do eiusmod tempor incididunt ut labore et dolore magna aliqua. Ut enim ad minim veniam, quis nostrud exercitation ullamco laboris nisi ut aliquip.<\/p>\n<p>[\/et_pb_text][et_pb_button button_url=&#8221;\/en\/contact\/&#8221; button_text=&#8221;contact us&#8221; button_alignment=&#8221;center&#8221; _builder_version=&#8221;3.19.16&#8243;][\/et_pb_button][\/et_pb_column][\/et_pb_row][\/et_pb_section]<\/p>\n","protected":false},"excerpt":{"rendered":"<p>el bistur\u00edIn the Medical Association of Alicante. A perfect place for celebrations and company events. Outdoor terrace. Halls with chill out. Different spaces. We have one reserved for 16 pax for private events. Succulent and healthy menu. The best service. Free parking Wifi.Calle Dr. S\u00e1nchez San Juli\u00e1n, 1 03013 AlicanteWE ORGANIZE YOUR EVENT Lorem ipsum [&hellip;]<\/p>\n","protected":false},"author":1,"featured_media":0,"parent":0,"menu_order":0,"comment_status":"closed","ping_status":"closed","template":"","meta":{"_et_pb_use_builder":"on","_et_pb_old_content":"<!-- wp:divi\/placeholder \/-->","_et_gb_content_width":"","_monsterinsights_skip_tracking":false,"_monsterinsights_sitenote_active":false,"_monsterinsights_sitenote_note":"","_monsterinsights_sitenote_category":0,"footnotes":""},"class_list":["post-283","page","type-page","status-publish","hentry"],"yoast_head":"<!-- This site is optimized with the Yoast SEO plugin v27.5 - https:\/\/yoast.com\/product\/yoast-seo-wordpress\/ -->\n<title>Bistur\u00ed - Q-Linaria Catering<\/title>\n<meta name=\"robots\" content=\"index, follow, max-snippet:-1, max-image-preview:large, max-video-preview:-1\" \/>\n<link rel=\"canonical\" href=\"https:\/\/qlinaria.com\/en\/bisturi\/\" \/>\n<meta property=\"og:locale\" content=\"en_US\" \/>\n<meta property=\"og:type\" content=\"article\" \/>\n<meta property=\"og:title\" content=\"Bistur\u00ed - Q-Linaria Catering\" \/>\n<meta property=\"og:description\" content=\"el bistur\u00edIn the Medical Association of Alicante. A perfect place for celebrations and company events. Outdoor terrace. Halls with chill out. Different spaces. We have one reserved for 16 pax for private events. Succulent and healthy menu. The best service. Free parking Wifi.Calle Dr. S\u00e1nchez San Juli\u00e1n, 1 03013 AlicanteWE ORGANIZE YOUR EVENT Lorem ipsum [&hellip;]\" \/>\n<meta property=\"og:url\" content=\"https:\/\/qlinaria.com\/en\/bisturi\/\" \/>\n<meta property=\"og:site_name\" content=\"Q-Linaria Catering\" \/>\n<meta property=\"article:modified_time\" content=\"2019-03-12T13:26:00+00:00\" \/>\n<meta name=\"twitter:card\" content=\"summary_large_image\" \/>\n<meta name=\"twitter:label1\" content=\"Est. reading time\" \/>\n\t<meta name=\"twitter:data1\" content=\"4 minutes\" \/>\n<script type=\"application\/ld+json\" class=\"yoast-schema-graph\">{\"@context\":\"https:\\\/\\\/schema.org\",\"@graph\":[{\"@type\":\"WebPage\",\"@id\":\"https:\\\/\\\/qlinaria.com\\\/en\\\/bisturi\\\/\",\"url\":\"https:\\\/\\\/qlinaria.com\\\/en\\\/bisturi\\\/\",\"name\":\"Bistur\u00ed - Q-Linaria Catering\",\"isPartOf\":{\"@id\":\"https:\\\/\\\/qlinaria.com\\\/#website\"},\"datePublished\":\"2019-03-07T11:56:34+00:00\",\"dateModified\":\"2019-03-12T13:26:00+00:00\",\"breadcrumb\":{\"@id\":\"https:\\\/\\\/qlinaria.com\\\/en\\\/bisturi\\\/#breadcrumb\"},\"inLanguage\":\"en-US\",\"potentialAction\":[{\"@type\":\"ReadAction\",\"target\":[\"https:\\\/\\\/qlinaria.com\\\/en\\\/bisturi\\\/\"]}]},{\"@type\":\"BreadcrumbList\",\"@id\":\"https:\\\/\\\/qlinaria.com\\\/en\\\/bisturi\\\/#breadcrumb\",\"itemListElement\":[{\"@type\":\"ListItem\",\"position\":1,\"name\":\"Portada\",\"item\":\"https:\\\/\\\/qlinaria.com\\\/en\\\/\"},{\"@type\":\"ListItem\",\"position\":2,\"name\":\"Bistur\u00ed\"}]},{\"@type\":\"WebSite\",\"@id\":\"https:\\\/\\\/qlinaria.com\\\/#website\",\"url\":\"https:\\\/\\\/qlinaria.com\\\/\",\"name\":\"Q-Linaria Catering\",\"description\":\"AM&amp;S\",\"potentialAction\":[{\"@type\":\"SearchAction\",\"target\":{\"@type\":\"EntryPoint\",\"urlTemplate\":\"https:\\\/\\\/qlinaria.com\\\/?s={search_term_string}\"},\"query-input\":{\"@type\":\"PropertyValueSpecification\",\"valueRequired\":true,\"valueName\":\"search_term_string\"}}],\"inLanguage\":\"en-US\"}]}<\/script>\n<!-- \/ Yoast SEO plugin. -->","yoast_head_json":{"title":"Bistur\u00ed - Q-Linaria Catering","robots":{"index":"index","follow":"follow","max-snippet":"max-snippet:-1","max-image-preview":"max-image-preview:large","max-video-preview":"max-video-preview:-1"},"canonical":"https:\/\/qlinaria.com\/en\/bisturi\/","og_locale":"en_US","og_type":"article","og_title":"Bistur\u00ed - Q-Linaria Catering","og_description":"el bistur\u00edIn the Medical Association of Alicante. A perfect place for celebrations and company events. Outdoor terrace. Halls with chill out. Different spaces. We have one reserved for 16 pax for private events. Succulent and healthy menu. The best service. Free parking Wifi.Calle Dr. S\u00e1nchez San Juli\u00e1n, 1 03013 AlicanteWE ORGANIZE YOUR EVENT Lorem ipsum [&hellip;]","og_url":"https:\/\/qlinaria.com\/en\/bisturi\/","og_site_name":"Q-Linaria Catering","article_modified_time":"2019-03-12T13:26:00+00:00","twitter_card":"summary_large_image","twitter_misc":{"Est. reading time":"4 minutes"},"schema":{"@context":"https:\/\/schema.org","@graph":[{"@type":"WebPage","@id":"https:\/\/qlinaria.com\/en\/bisturi\/","url":"https:\/\/qlinaria.com\/en\/bisturi\/","name":"Bistur\u00ed - Q-Linaria Catering","isPartOf":{"@id":"https:\/\/qlinaria.com\/#website"},"datePublished":"2019-03-07T11:56:34+00:00","dateModified":"2019-03-12T13:26:00+00:00","breadcrumb":{"@id":"https:\/\/qlinaria.com\/en\/bisturi\/#breadcrumb"},"inLanguage":"en-US","potentialAction":[{"@type":"ReadAction","target":["https:\/\/qlinaria.com\/en\/bisturi\/"]}]},{"@type":"BreadcrumbList","@id":"https:\/\/qlinaria.com\/en\/bisturi\/#breadcrumb","itemListElement":[{"@type":"ListItem","position":1,"name":"Portada","item":"https:\/\/qlinaria.com\/en\/"},{"@type":"ListItem","position":2,"name":"Bistur\u00ed"}]},{"@type":"WebSite","@id":"https:\/\/qlinaria.com\/#website","url":"https:\/\/qlinaria.com\/","name":"Q-Linaria Catering","description":"AM&amp;S","potentialAction":[{"@type":"SearchAction","target":{"@type":"EntryPoint","urlTemplate":"https:\/\/qlinaria.com\/?s={search_term_string}"},"query-input":{"@type":"PropertyValueSpecification","valueRequired":true,"valueName":"search_term_string"}}],"inLanguage":"en-US"}]}},"_links":{"self":[{"href":"https:\/\/qlinaria.com\/en\/wp-json\/wp\/v2\/pages\/283","targetHints":{"allow":["GET"]}}],"collection":[{"href":"https:\/\/qlinaria.com\/en\/wp-json\/wp\/v2\/pages"}],"about":[{"href":"https:\/\/qlinaria.com\/en\/wp-json\/wp\/v2\/types\/page"}],"author":[{"embeddable":true,"href":"https:\/\/qlinaria.com\/en\/wp-json\/wp\/v2\/users\/1"}],"replies":[{"embeddable":true,"href":"https:\/\/qlinaria.com\/en\/wp-json\/wp\/v2\/comments?post=283"}],"version-history":[{"count":2,"href":"https:\/\/qlinaria.com\/en\/wp-json\/wp\/v2\/pages\/283\/revisions"}],"predecessor-version":[{"id":338,"href":"https:\/\/qlinaria.com\/en\/wp-json\/wp\/v2\/pages\/283\/revisions\/338"}],"wp:attachment":[{"href":"https:\/\/qlinaria.com\/en\/wp-json\/wp\/v2\/media?parent=283"}],"curies":[{"name":"wp","href":"https:\/\/api.w.org\/{rel}","templated":true}]}}